{"id":14,"date":"2026-04-05T20:41:13","date_gmt":"2026-04-05T19:41:13","guid":{"rendered":"http:\/\/stocks-news.org\/reviews\/"},"modified":"2026-04-05T20:41:13","modified_gmt":"2026-04-05T19:41:13","slug":"reviews","status":"publish","type":"page","link":"https:\/\/stocks-news.org\/pt_br\/reviews\/","title":{"rendered":"Reviews"},"content":{"rendered":"<h1>Avalia\u00e7\u00f5es da plataforma de negocia\u00e7\u00e3o<\/h1>\n<p>Bem-vindo ao nosso abrangente banco de dados de an\u00e1lises de plataformas de negocia\u00e7\u00e3o. Nossa equipe de traders e analistas especializados testa e analisa de forma independente corretores e plataformas de negocia\u00e7\u00e3o on-line para ajud\u00e1-lo a encontrar a melhor solu\u00e7\u00e3o para suas necessidades de negocia\u00e7\u00e3o.<\/p>\n<p>Avaliamos cada plataforma com base em regulamenta\u00e7\u00e3o, seguran\u00e7a, taxas, ativos dispon\u00edveis, recursos da plataforma e suporte ao cliente. Navegue por nossas an\u00e1lises mais recentes abaixo.<\/p>","protected":false},"excerpt":{"rendered":"<p>Trading Platform Reviews Welcome to our comprehensive database of trading platform reviews. Our team of expert traders and analysts independently test and review online brokers and trading platforms to help you find the best solution for your trading needs. We evaluate each platform based on regulation, security, fees, available assets, platform features, and customer support. &#8230; <a title=\"Reviews\" class=\"read-more\" href=\"https:\/\/stocks-news.org\/pt_br\/reviews\/\" aria-label=\"Read more about Reviews\">Ler mais<\/a><\/p>","protected":false},"author":1,"featured_media":0,"parent":0,"menu_order":0,"comment_status":"closed","ping_status":"closed","template":"","meta":{"footnotes":""},"class_list":["post-14","page","type-page","status-publish"],"_links":{"self":[{"href":"https:\/\/stocks-news.org\/pt_br\/wp-json\/wp\/v2\/pages\/14","targetHints":{"allow":["GET"]}}],"collection":[{"href":"https:\/\/stocks-news.org\/pt_br\/wp-json\/wp\/v2\/pages"}],"about":[{"href":"https:\/\/stocks-news.org\/pt_br\/wp-json\/wp\/v2\/types\/page"}],"author":[{"embeddable":true,"href":"https:\/\/stocks-news.org\/pt_br\/wp-json\/wp\/v2\/users\/1"}],"replies":[{"embeddable":true,"href":"https:\/\/stocks-news.org\/pt_br\/wp-json\/wp\/v2\/comments?post=14"}],"version-history":[{"count":0,"href":"https:\/\/stocks-news.org\/pt_br\/wp-json\/wp\/v2\/pages\/14\/revisions"}],"wp:attachment":[{"href":"https:\/\/stocks-news.org\/pt_br\/wp-json\/wp\/v2\/media?parent=14"}],"curies":[{"name":"wp","href":"https:\/\/api.w.org\/{rel}","templated":true}]}}